{"id":12183,"date":"2023-04-14T14:40:08","date_gmt":"2023-04-14T12:40:08","guid":{"rendered":"http:\/\/localhost\/InsurBT2023\/?page_id=12183"},"modified":"2023-05-10T15:37:39","modified_gmt":"2023-05-10T13:37:39","slug":"urbanisation-si","status":"publish","type":"page","link":"https:\/\/insurbt.com\/en\/urbanisation-si\/","title":{"rendered":"IT urbanization"},"content":{"rendered":"<div data-elementor-type=\"wp-page\" data-elementor-id=\"12183\" class=\"elementor elementor-12183\">\n\t\t\t\t<div class=\"elementor-element elementor-element-a4e84f6 e-flex e-con-boxed e-con e-parent\" data-id=\"a4e84f6\" data-element_type=\"container\" data-e-type=\"container\">\n\t\t\t\t\t<div class=\"e-con-inner\">\n\t\t<div class=\"elementor-element elementor-element-65200de e-con-full e-flex e-con e-parent\" data-id=\"65200de\" data-element_type=\"container\" data-e-type=\"container\">\n\t\t\t\t<div class=\"elementor-element elementor-element-98a96f3 elementor-widget elementor-widget-image\" data-id=\"98a96f3\" data-element_type=\"widget\" data-e-type=\"widget\" data-widget_type=\"image.default\">\n\t\t\t\t<div class=\"elementor-widget-container\">\n\t\t\t\t\t\t\t\t\t\t\t\t\t\t\t<img fetchpriority=\"high\" decoding=\"async\" width=\"800\" height=\"533\" src=\"https:\/\/insurbt.com\/wp-content\/uploads\/2023\/04\/maxim-ilyahov-0aRycsfH57A-unsplash.jpg\" class=\"attachment-large size-large wp-image-12002\" alt=\"\" \/>\t\t\t\t\t\t\t\t\t\t\t\t\t\t\t<\/div>\n\t\t\t\t<\/div>\n\t\t\t\t<\/div>\n\t\t<div class=\"elementor-element elementor-element-bc7f84f e-con-full e-flex e-con e-parent\" data-id=\"bc7f84f\" data-element_type=\"container\" data-e-type=\"container\" data-settings=\"{&quot;position&quot;:&quot;absolute&quot;}\">\n\t\t\t\t<div class=\"elementor-element elementor-element-09b0703 elementor-widget elementor-widget-text-editor\" data-id=\"09b0703\" data-element_type=\"widget\" data-e-type=\"widget\" data-widget_type=\"text-editor.default\">\n\t\t\t\t<div class=\"elementor-widget-container\">\n\t\t\t\t\t\t\t\t\t<p>Our approach is declined by alternating in an iterative way:<\/p><p>\u2013 A \u201ctop down\u201d approach, i.e. from business processes to application architecture<\/p><p>\u2013 A \u201cbottom-up\u201d approach to feed the construction of the functional architecture, or even to develop the organization and the business processes<\/p>\t\t\t\t\t\t\t\t<\/div>\n\t\t\t\t<\/div>\n\t\t\t\t<\/div>\n\t\t\t\t\t<\/div>\n\t\t\t\t<\/div>\n\t\t\t\t<\/div>","protected":false},"excerpt":{"rendered":"<p>Notre d\u00e9marche se d\u00e9cline en alternant de mani\u00e8re it\u00e9rative :&hellip;<\/p>\n<p> <a class=\"more-link\" href=\"https:\/\/insurbt.com\/en\/urbanisation-si\/\">Read more<\/a><\/p>","protected":false},"author":1,"featured_media":0,"parent":0,"menu_order":0,"comment_status":"closed","ping_status":"closed","template":"","meta":{"footnotes":""},"class_list":["post-12183","page","type-page","status-publish"],"_links":{"self":[{"href":"https:\/\/insurbt.com\/en\/wp-json\/wp\/v2\/pages\/12183","targetHints":{"allow":["GET"]}}],"collection":[{"href":"https:\/\/insurbt.com\/en\/wp-json\/wp\/v2\/pages"}],"about":[{"href":"https:\/\/insurbt.com\/en\/wp-json\/wp\/v2\/types\/page"}],"author":[{"embeddable":true,"href":"https:\/\/insurbt.com\/en\/wp-json\/wp\/v2\/users\/1"}],"replies":[{"embeddable":true,"href":"https:\/\/insurbt.com\/en\/wp-json\/wp\/v2\/comments?post=12183"}],"version-history":[{"count":16,"href":"https:\/\/insurbt.com\/en\/wp-json\/wp\/v2\/pages\/12183\/revisions"}],"predecessor-version":[{"id":12849,"href":"https:\/\/insurbt.com\/en\/wp-json\/wp\/v2\/pages\/12183\/revisions\/12849"}],"wp:attachment":[{"href":"https:\/\/insurbt.com\/en\/wp-json\/wp\/v2\/media?parent=12183"}],"curies":[{"name":"wp","href":"https:\/\/api.w.org\/{rel}","templated":true}]}}